{"id":6,"date":"2021-01-30T15:16:09","date_gmt":"2021-01-30T14:16:09","guid":{"rendered":"http:\/\/mikolow.serwisanten.slask.pl\/?page_id=6"},"modified":"2021-01-30T16:25:37","modified_gmt":"2021-01-30T15:25:37","slug":"montaz-anten-mikolow-montaz-anteny-mikolow-ustawienie-anten-mikolow-ustawienie-anteny-mikolow","status":"publish","type":"page","link":"https:\/\/mikolow.serwisanten.slask.pl\/","title":{"rendered":"Monta\u017c anten Miko\u0142\u00f3w, Monta\u017c anteny Miko\u0142\u00f3w, ustawienie anten Miko\u0142\u00f3w, ustawienie anteny Miko\u0142\u00f3w: naziemnej, dvb-t, satelitarnej: NC+, Cyfrowy Polsat, Orange"},"content":{"rendered":"\n<figure class=\"wp-block-table\"><table><tbody><tr><td>&nbsp;<\/td><td>&nbsp;<\/td><\/tr><tr><td>Telefon:<\/td><td>+48692188376<\/td><\/tr><\/tbody><\/table><\/figure>\n\n\n\n<p>Witamy na naszej stronie internetowej!<\/p>\n\n\n\n<p>Nasza Firma specjalizuje si\u0119 w serwisie anten satelitarnych oraz anten naziemnych DVB-T . Zapewniamy monta\u017c anten satelitarnych oraz ustawienie anten satelitarnych na terenie miasta Miko\u0142\u00f3w oraz okolic, polskich platform telewizyjnych ( NC+, Canal +, Cyfrowy Polsat, Orange ) jak i monta\u017c niezale\u017cnych anten satelitarnych, umo\u017cliwiaj\u0105ce odbi\u00f3r tysi\u0119cy program\u00f3w nadawanych drog\u0105 satelitarn\u0105.<\/p>\n\n\n\n<div class=\"wp-block-image\"><figure class=\"aligncenter size-large\"><img loading=\"lazy\" decoding=\"async\" width=\"640\" height=\"360\" src=\"http:\/\/mikolow.serwisanten.slask.pl\/wp-content\/uploads\/2021\/01\/serwis-anten.jpg\" alt=\"\" class=\"wp-image-34\" srcset=\"https:\/\/mikolow.serwisanten.slask.pl\/wp-content\/uploads\/2021\/01\/serwis-anten.jpg 640w, https:\/\/mikolow.serwisanten.slask.pl\/wp-content\/uploads\/2021\/01\/serwis-anten-300x169.jpg 300w\" sizes=\"auto, (max-width: 640px) 100vw, 640px\" \/><figcaption><strong>Monta\u017c anten Miko\u0142\u00f3w, Monta\u017c anteny Miko\u0142\u00f3w, ustawienie anten Miko\u0142\u00f3w, ustawienie anteny Miko\u0142\u00f3w<\/strong><\/figcaption><\/figure><\/div>\n\n\n\n<p>Coraz popularniejsza staje si\u0119 naziemna telewizja cyfrowa umo\u017cliwiaj\u0105ca ju\u017c w tej chwili odbi\u00f3r ponad 30 program\u00f3w w j\u0119zyku polskim bez dodatkowych koszt\u00f3w ( sta\u0142ego miesi\u0119cznego abonamentu ). Oferujemy pe\u0142ny monta\u017c anten naziemnych, jak i serwisujemy instalacje wykonane ju\u017c wcze\u015bniej.<\/p>\n\n\n\n<p>Opr\u00f3cz monta\u017cu czy te\u017c ustawienia anten satelitarnych oraz monta\u017cu i ustawienia anten naziemnych DVB-T, zapewniamy te\u017c wykonanie us\u0142ug dodatkowych takich jak np. multiroom. Niezale\u017cnie od tego, jak\u0105 posiadaj\u0105 Pa\u0144stwo p\u0142atn\u0105 TV, mo\u017cemy wykona\u0107 dowolne &#8222;konfiguracje&#8221;.<\/p>\n\n\n\n<p><\/p>\n\n\n\n<p>W naszej ofercie znajduje si\u0119 te\u017c us\u0142uga monta\u017cu Tv na \u015bcianie. Posiadamy niezb\u0119dne akcesoria ( w tym uchwyty na Telewizor ). <\/p>\n\n\n\n<p>Swoje us\u0142ugi \u015bwiadczymy na terenie miast: <a href=\"https:\/\/bytom.serwisanten.slask.pl\">Bytom<\/a>, <a href=\"https:\/\/rudaslaska.serwisanten.slask.pl\">Ruda \u015al\u0105ska<\/a>, <a href=\"https:\/\/zabrze.serwisanten.slask.pl\">Zabrze<\/a>, <a href=\"https:\/\/gliwice.serwisanten.slask.pl\">Gliwice<\/a>, <a href=\"https:\/\/knurow.serwisanten.slask.pl\">Knur\u00f3w<\/a>, <a href=\"https:\/\/pyskowice.serwisanten.slask.pl\">Pyskowice<\/a>, <a href=\"https:\/\/tarnowskiegory.serwisanten.slask.pl\">Tarnowskie G\u00f3ry<\/a> , <a href=\"https:\/\/chorzow.serwisanten.slask.pl\/\">Chorz\u00f3w<\/a> , <a href=\"https:\/\/mikolow.serwisanten.slask.pl\">Miko\u0142\u00f3w<\/a> i okolic na <a href=\"https:\/\/serwisanten.slask.pl\/\">\u015al\u0105sku<\/a>.<\/p>\n\n\n\n<p>Zapraszamy do <a href=\"https:\/\/mikolow.serwisanten.slask.pl\/index.php\/kontakt\/\"><strong>kontaktu<\/strong><\/a>.<\/p>\n\n\n\n<p><\/p>\n","protected":false},"excerpt":{"rendered":"<p>&nbsp; &nbsp; Telefon: +48692188376 Witamy na naszej stronie internetowej! Nasza Firma specjalizuje si\u0119 w serwisie anten satelitarnych oraz anten naziemnych DVB-T . Zapewniamy monta\u017c anten satelitarnych oraz ustawienie anten satelitarnych na terenie miasta Miko\u0142\u00f3w oraz okolic, polskich platform telewizyjnych ( NC+, Canal +, Cyfrowy Polsat, Orange ) jak i monta\u017c niezale\u017cnych anten satelitarnych, umo\u017cliwiaj\u0105ce odbi\u00f3r tysi\u0119cy program\u00f3w nadawanych drog\u0105 satelitarn\u0105. Coraz popularniejsza staje si\u0119 naziemna telewizja cyfrowa umo\u017cliwiaj\u0105ca ju\u017c w tej chwili odbi\u00f3r ponad 30 program\u00f3w w j\u0119zyku polskim bez dodatkowych koszt\u00f3w ( sta\u0142ego miesi\u0119cznego abonamentu ). Oferujemy pe\u0142ny monta\u017c anten naziemnych, jak i serwisujemy instalacje wykonane ju\u017c wcze\u015bniej. Opr\u00f3cz monta\u017cu czy te\u017c ustawienia anten satelitarnych oraz monta\u017cu i ustawienia&hellip; <a class=\"read-more\" href=\"https:\/\/mikolow.serwisanten.slask.pl\/\">Czytaj wi\u0119cej<\/a><\/p>\n","protected":false},"author":1,"featured_media":0,"parent":0,"menu_order":0,"comment_status":"closed","ping_status":"closed","template":"","meta":{"footnotes":""},"class_list":["post-6","page","type-page","status-publish","hentry"],"_links":{"self":[{"href":"https:\/\/mikolow.serwisanten.slask.pl\/index.php\/wp-json\/wp\/v2\/pages\/6","targetHints":{"allow":["GET"]}}],"collection":[{"href":"https:\/\/mikolow.serwisanten.slask.pl\/index.php\/wp-json\/wp\/v2\/pages"}],"about":[{"href":"https:\/\/mikolow.serwisanten.slask.pl\/index.php\/wp-json\/wp\/v2\/types\/page"}],"author":[{"embeddable":true,"href":"https:\/\/mikolow.serwisanten.slask.pl\/index.php\/wp-json\/wp\/v2\/users\/1"}],"replies":[{"embeddable":true,"href":"https:\/\/mikolow.serwisanten.slask.pl\/index.php\/wp-json\/wp\/v2\/comments?post=6"}],"version-history":[{"count":10,"href":"https:\/\/mikolow.serwisanten.slask.pl\/index.php\/wp-json\/wp\/v2\/pages\/6\/revisions"}],"predecessor-version":[{"id":40,"href":"https:\/\/mikolow.serwisanten.slask.pl\/index.php\/wp-json\/wp\/v2\/pages\/6\/revisions\/40"}],"wp:attachment":[{"href":"https:\/\/mikolow.serwisanten.slask.pl\/index.php\/wp-json\/wp\/v2\/media?parent=6"}],"curies":[{"name":"wp","href":"https:\/\/api.w.org\/{rel}","templated":true}]}}